{"id":2,"date":"2025-03-23T12:32:48","date_gmt":"2025-03-23T11:32:48","guid":{"rendered":"http:\/\/wiatech.pl\/?page_id=2"},"modified":"2025-03-27T20:12:07","modified_gmt":"2025-03-27T19:12:07","slug":"przykladowa-strona","status":"publish","type":"page","link":"https:\/\/wiatech.pl\/?page_id=2","title":{"rendered":"O nas"},"content":{"rendered":"\n<p>Z inicjatywy tworzenia dobrych wiadomo\u015bci dotycz\u0105cych szeroko poj\u0119tej techniki, oraz maszyn roboczych u\u017cywanych w wielu segmentach przemys\u0142u. Od rolnictwa przez prace ziemne, komunalne, le\u015bne na bran\u017cy g\u00f3rniczej i wydobywczej ko\u0144cz\u0105c. Interesuj\u0105 nas wszystkie tematy zwi\u0105zane z technicznymi zagadnieniami czy maszynami, zar\u00f3wno nowymi jak i u\u017cywanymi oraz tematy pokrewne takie jak narz\u0119dzia, czy serwis. Chcemy tworzy\u0107 miejsce przyjazne dla wszystkich, kt\u00f3rzy r\u00f3wnie\u017c tak jak my, chc\u0105 pog\u0142\u0119bia\u0107 swoj\u0105 wiedz\u0119 z zakresu techniki i s\u0105 \u017c\u0105dni najnowszych informacji. Bez wzgl\u0119du na to czy jeste\u015bcie operatorami, w\u0142a\u015bcicielami czy entuzjastami wiatech to portal stworzony w\u0142a\u015bnie dla Was!<\/p>\n\n\n\n<p><\/p>\n\n\n\n<blockquote class=\"wp-block-quote is-layout-flow wp-block-quote-is-layout-flow\">\n<p>Kontakt:<\/p>\n\n\n\n<p>\ud83d\udcec kontakt@wiatech.pl<\/p>\n<\/blockquote>\n\n\n\n<p><\/p>\n","protected":false},"excerpt":{"rendered":"<p>Z inicjatywy tworzenia dobrych wiadomo\u015bci dotycz\u0105cych szeroko poj\u0119tej techniki, oraz maszyn roboczych u\u017cywanych w wielu segmentach przemys\u0142u. Od rolnictwa przez prace ziemne, komunalne, le\u015bne na bran\u017cy g\u00f3rniczej i wydobywczej ko\u0144cz\u0105c. Interesuj\u0105 nas wszystkie tematy zwi\u0105zane z technicznymi zagadnieniami czy maszynami, zar\u00f3wno nowymi jak i u\u017cywanymi oraz tematy pokrewne takie jak narz\u0119dzia, czy serwis. Chcemy tworzy\u0107 [&hellip;]<\/p>\n","protected":false},"author":1,"featured_media":0,"parent":0,"menu_order":0,"comment_status":"closed","ping_status":"open","template":"","meta":{"footnotes":""},"class_list":["post-2","page","type-page","status-publish","hentry"],"_links":{"self":[{"href":"https:\/\/wiatech.pl\/index.php?rest_route=\/wp\/v2\/pages\/2","targetHints":{"allow":["GET"]}}],"collection":[{"href":"https:\/\/wiatech.pl\/index.php?rest_route=\/wp\/v2\/pages"}],"about":[{"href":"https:\/\/wiatech.pl\/index.php?rest_route=\/wp\/v2\/types\/page"}],"author":[{"embeddable":true,"href":"https:\/\/wiatech.pl\/index.php?rest_route=\/wp\/v2\/users\/1"}],"replies":[{"embeddable":true,"href":"https:\/\/wiatech.pl\/index.php?rest_route=%2Fwp%2Fv2%2Fcomments&post=2"}],"version-history":[{"count":4,"href":"https:\/\/wiatech.pl\/index.php?rest_route=\/wp\/v2\/pages\/2\/revisions"}],"predecessor-version":[{"id":58,"href":"https:\/\/wiatech.pl\/index.php?rest_route=\/wp\/v2\/pages\/2\/revisions\/58"}],"wp:attachment":[{"href":"https:\/\/wiatech.pl\/index.php?rest_route=%2Fwp%2Fv2%2Fmedia&parent=2"}],"curies":[{"name":"wp","href":"https:\/\/api.w.org\/{rel}","templated":true}]}}